{"id":4850,"date":"2024-02-21T15:47:02","date_gmt":"2024-02-21T08:47:02","guid":{"rendered":"https:\/\/medipharco.vn\/vi\/?post_type=product&#038;p=4850"},"modified":"2024-02-23T17:07:31","modified_gmt":"2024-02-23T10:07:31","slug":"antacgel-450ml","status":"publish","type":"product","link":"https:\/\/medipharco.vn\/vi\/san-pham\/antacgel-450ml\/","title":{"rendered":"Antacgel 450ml"},"content":{"rendered":"","protected":false},"excerpt":{"rendered":"<p><strong>Ho\u1ea1t ch\u1ea5t &amp; H\u00e0m L\u01b0\u1ee3ng:<\/strong><br \/>\nAntacgel (b\u1ea1c h\u00e0 &amp; h\u01b0\u01a1ng th\u1ea3o): Alcohol, purified water, isopropyl myristate, peppermint, rosemary, carbomer, triethanolamine, yellow(C.I 47005), blue( C.I 42090)<br \/>\nAntacgel( b\u1ea1c h\u00e0 &amp; o\u1ea3i h\u01b0\u01a1ng): Alcohol, purified water, isopropyl myristate, peppermint, lavender, carbomer, triethanolamine, red (C.I 45430), blue( C.I 42090)<br \/>\nAntacgel ( b\u1ea1c h\u00e0 &amp; s\u1ea3 chanh): Alcohol, purified water, isopropyl myristate, peppermint, lemongrass, carbomer, triethanolamine , blue( C.I 42090)<br \/>\nAntacgel ( b\u1ea1c h\u00e0 &amp; cam): Alcohol, purified water, isopropyl myristate, peppermint, orange, carbomer, triethanolamine, yellow(C.I 15985)<br \/>\n<strong>Ch\u1ec9 \u0111\u1ecbnh:<\/strong> Gi\u00fap v\u1ec7 sinh c\u00e1 nh\u00e2n, tr\u00e1nh kh\u1ea3 n\u0103ng l\u00e2y nhi\u1ec5m ho\u1eb7c \u1ea3nh h\u01b0\u1edfng b\u1edfi nh\u1eefng lo\u1ea1i vi khu\u1ea9n g\u00e2y b\u1ec7nh.<br \/>\n<strong>Quy c\u00e1ch:<\/strong> Chai 450ml.<\/p>\n<div class=\"button-link\"><a href=\"https:\/\/duochue.com.vn\/product\/antacgel-450ml\" target=\"_blank\" rel=\"noopener noreferrer\">MUA S\u1ea2N PH\u1ea8M<\/a><\/div>\n","protected":false},"featured_media":4851,"comment_status":"open","ping_status":"closed","template":"","meta":{"site-sidebar-layout":"default","site-content-layout":"default","ast-site-content-layout":"default","site-content-style":"default","site-sidebar-style":"default","ast-global-header-display":"","ast-banner-title-visibility":"","ast-main-header-display":"","ast-hfb-above-header-display":"","ast-hfb-below-header-display":"","ast-hfb-mobile-header-display":"","site-post-title":"","ast-breadcrumbs-content":"","ast-featured-img":"","footer-sml-layout":"","theme-transparent-header-meta":"default","adv-header-id-meta":"","stick-header-meta":"default","header-above-stick-meta":"","header-main-stick-meta":"","header-below-stick-meta":"","astra-migrate-meta-layouts":"set","ast-page-background-enabled":"default","ast-page-background-meta":{"desktop":{"background-color":"","background-image":"","background-repeat":"repeat","background-position":"center center","background-size":"auto","background-attachment":"scroll","background-type":"","background-media":"","overlay-type":"","overlay-color":"","overlay-opacity":"","overlay-gradient":""},"tablet":{"background-color":"","background-image":"","background-repeat":"repeat","background-position":"center center","background-size":"auto","background-attachment":"scroll","background-type":"","background-media":"","overlay-type":"","overlay-color":"","overlay-opacity":"","overlay-gradient":""},"mobile":{"background-color":"","background-image":"","background-repeat":"repeat","background-position":"center center","background-size":"auto","background-attachment":"scroll","background-type":"","background-media":"","overlay-type":"","overlay-color":"","overlay-opacity":"","overlay-gradient":""}},"ast-content-background-meta":{"desktop":{"background-color":"var(--ast-global-color-5)","background-image":"","background-repeat":"repeat","background-position":"center center","background-size":"auto","background-attachment":"scroll","background-type":"","background-media":"","overlay-type":"","overlay-color":"","overlay-opacity":"","overlay-gradient":""},"tablet":{"background-color":"var(--ast-global-color-5)","background-image":"","background-repeat":"repeat","background-position":"center center","background-size":"auto","background-attachment":"scroll","background-type":"","background-media":"","overlay-type":"","overlay-color":"","overlay-opacity":"","overlay-gradient":""},"mobile":{"background-color":"var(--ast-global-color-5)","background-image":"","background-repeat":"repeat","background-position":"center center","background-size":"auto","background-attachment":"scroll","background-type":"","background-media":"","overlay-type":"","overlay-color":"","overlay-opacity":"","overlay-gradient":""}}},"product_brand":[],"product_cat":[58],"product_tag":[],"class_list":{"0":"post-4850","1":"product","2":"type-product","3":"status-publish","4":"has-post-thumbnail","6":"product_cat-my-pham","7":"desktop-align-left","8":"tablet-align-left","9":"mobile-align-left","10":"ast-product-gallery-layout-horizontal","11":"ast-product-gallery-with-no-image","13":"first","14":"instock","15":"shipping-taxable","16":"product-type-simple"},"_links":{"self":[{"href":"https:\/\/medipharco.vn\/vi\/wp-json\/wp\/v2\/product\/4850","targetHints":{"allow":["GET"]}}],"collection":[{"href":"https:\/\/medipharco.vn\/vi\/wp-json\/wp\/v2\/product"}],"about":[{"href":"https:\/\/medipharco.vn\/vi\/wp-json\/wp\/v2\/types\/product"}],"replies":[{"embeddable":true,"href":"https:\/\/medipharco.vn\/vi\/wp-json\/wp\/v2\/comments?post=4850"}],"wp:featuredmedia":[{"embeddable":true,"href":"https:\/\/medipharco.vn\/vi\/wp-json\/wp\/v2\/media\/4851"}],"wp:attachment":[{"href":"https:\/\/medipharco.vn\/vi\/wp-json\/wp\/v2\/media?parent=4850"}],"wp:term":[{"taxonomy":"product_brand","embeddable":true,"href":"https:\/\/medipharco.vn\/vi\/wp-json\/wp\/v2\/product_brand?post=4850"},{"taxonomy":"product_cat","embeddable":true,"href":"https:\/\/medipharco.vn\/vi\/wp-json\/wp\/v2\/product_cat?post=4850"},{"taxonomy":"product_tag","embeddable":true,"href":"https:\/\/medipharco.vn\/vi\/wp-json\/wp\/v2\/product_tag?post=4850"}],"curies":[{"name":"wp","href":"https:\/\/api.w.org\/{rel}","templated":true}]}}