{"id":4846,"date":"2024-02-21T15:19:29","date_gmt":"2024-02-21T08:19:29","guid":{"rendered":"https:\/\/medipharco.vn\/vi\/?post_type=product&#038;p=4846"},"modified":"2024-02-23T16:43:29","modified_gmt":"2024-02-23T09:43:29","slug":"reistore-vnm","status":"publish","type":"product","link":"https:\/\/medipharco.vn\/vi\/san-pham\/reistore-vnm\/","title":{"rendered":"Reistore VNM"},"content":{"rendered":"","protected":false},"excerpt":{"rendered":"<p><strong>Ho\u1ea1t ch\u1ea5t &amp; H\u00e0m L\u01b0\u1ee3ng:<\/strong><br \/>\n&#8211; Cao kh\u00f4 linh chi: 100mg (T\u01b0\u01a1ng \u0111\u01b0\u01a1ng 1000mg linh chi)<br \/>\n&#8211; Cao kh\u00f4 nh\u00e2n s\u00e2m: 100mg (T\u01b0\u01a1ng \u0111\u01b0\u01a1ng 250ng Nh\u00e2n s\u00e2m)<br \/>\n&#8211; Ph\u1ee5 li\u1ec7u: D\u1ea7u \u0111\u1eadu n\u00e0nh,d\u1ea7u c\u1ecd,s\u00e1p ong tr\u1eafng,lecithin,gelatin,glycerin,dung d\u1ecbch sorbitol,nipagin, nipasol,titan dioxyd, m\u00e0u brown HT, m\u00e0u ponceau 4R,vanillin, ethanol 96%, n\u01b0\u1edbc tinh khi\u1ebft v\u1eeba \u0111\u1ee7 1 vi\u00ean nang m\u1ec1m<br \/>\n<strong>Ch\u1ec9 \u0111\u1ecbnh:<\/strong> Gi\u00fap b\u1ed3i b\u1ed5 c\u01a1 th\u1ec3, t\u0103ng c\u01b0\u1eddng s\u1ee9c kh\u1ecfe,t\u0103ng c\u01b0\u1eddng sinh l\u1ef1c, h\u1ed7 tr\u1ee3 l\u00e0m m\u1ec7t m\u1ecfi.<br \/>\n<strong>Quy c\u00e1ch:<\/strong> H\u1ed9p 6 v\u1ec9 x 10 vi\u00ean.<\/p>\n<div class=\"button-link\"><a href=\"https:\/\/duochue.com.vn\/product\/reistore-vnm\" target=\"_blank\" rel=\"noopener noreferrer\">MUA S\u1ea2N PH\u1ea8M<\/a><\/div>\n","protected":false},"featured_media":4847,"comment_status":"open","ping_status":"closed","template":"","meta":{"site-sidebar-layout":"default","site-content-layout":"default","ast-site-content-layout":"default","site-content-style":"default","site-sidebar-style":"default","ast-global-header-display":"","ast-banner-title-visibility":"","ast-main-header-display":"","ast-hfb-above-header-display":"","ast-hfb-below-header-display":"","ast-hfb-mobile-header-display":"","site-post-title":"","ast-breadcrumbs-content":"","ast-featured-img":"","footer-sml-layout":"","theme-transparent-header-meta":"default","adv-header-id-meta":"","stick-header-meta":"default","header-above-stick-meta":"","header-main-stick-meta":"","header-below-stick-meta":"","astra-migrate-meta-layouts":"set","ast-page-background-enabled":"default","ast-page-background-meta":{"desktop":{"background-color":"","background-image":"","background-repeat":"repeat","background-position":"center center","background-size":"auto","background-attachment":"scroll","background-type":"","background-media":"","overlay-type":"","overlay-color":"","overlay-opacity":"","overlay-gradient":""},"tablet":{"background-color":"","background-image":"","background-repeat":"repeat","background-position":"center center","background-size":"auto","background-attachment":"scroll","background-type":"","background-media":"","overlay-type":"","overlay-color":"","overlay-opacity":"","overlay-gradient":""},"mobile":{"background-color":"","background-image":"","background-repeat":"repeat","background-position":"center center","background-size":"auto","background-attachment":"scroll","background-type":"","background-media":"","overlay-type":"","overlay-color":"","overlay-opacity":"","overlay-gradient":""}},"ast-content-background-meta":{"desktop":{"background-color":"var(--ast-global-color-5)","background-image":"","background-repeat":"repeat","background-position":"center center","background-size":"auto","background-attachment":"scroll","background-type":"","background-media":"","overlay-type":"","overlay-color":"","overlay-opacity":"","overlay-gradient":""},"tablet":{"background-color":"var(--ast-global-color-5)","background-image":"","background-repeat":"repeat","background-position":"center center","background-size":"auto","background-attachment":"scroll","background-type":"","background-media":"","overlay-type":"","overlay-color":"","overlay-opacity":"","overlay-gradient":""},"mobile":{"background-color":"var(--ast-global-color-5)","background-image":"","background-repeat":"repeat","background-position":"center center","background-size":"auto","background-attachment":"scroll","background-type":"","background-media":"","overlay-type":"","overlay-color":"","overlay-opacity":"","overlay-gradient":""}}},"product_brand":[],"product_cat":[59],"product_tag":[],"class_list":{"0":"post-4846","1":"product","2":"type-product","3":"status-publish","4":"has-post-thumbnail","6":"product_cat-thuc-pham-chuc-nang","7":"desktop-align-left","8":"tablet-align-left","9":"mobile-align-left","10":"ast-product-gallery-layout-horizontal","11":"ast-product-gallery-with-no-image","13":"first","14":"instock","15":"shipping-taxable","16":"product-type-simple"},"_links":{"self":[{"href":"https:\/\/medipharco.vn\/vi\/wp-json\/wp\/v2\/product\/4846","targetHints":{"allow":["GET"]}}],"collection":[{"href":"https:\/\/medipharco.vn\/vi\/wp-json\/wp\/v2\/product"}],"about":[{"href":"https:\/\/medipharco.vn\/vi\/wp-json\/wp\/v2\/types\/product"}],"replies":[{"embeddable":true,"href":"https:\/\/medipharco.vn\/vi\/wp-json\/wp\/v2\/comments?post=4846"}],"wp:featuredmedia":[{"embeddable":true,"href":"https:\/\/medipharco.vn\/vi\/wp-json\/wp\/v2\/media\/4847"}],"wp:attachment":[{"href":"https:\/\/medipharco.vn\/vi\/wp-json\/wp\/v2\/media?parent=4846"}],"wp:term":[{"taxonomy":"product_brand","embeddable":true,"href":"https:\/\/medipharco.vn\/vi\/wp-json\/wp\/v2\/product_brand?post=4846"},{"taxonomy":"product_cat","embeddable":true,"href":"https:\/\/medipharco.vn\/vi\/wp-json\/wp\/v2\/product_cat?post=4846"},{"taxonomy":"product_tag","embeddable":true,"href":"https:\/\/medipharco.vn\/vi\/wp-json\/wp\/v2\/product_tag?post=4846"}],"curies":[{"name":"wp","href":"https:\/\/api.w.org\/{rel}","templated":true}]}}