{"id":4735,"date":"2023-10-02T10:28:18","date_gmt":"2023-10-02T03:28:18","guid":{"rendered":"https:\/\/medipharco.vn\/vi\/?post_type=product&#038;p=4735"},"modified":"2024-02-20T18:47:49","modified_gmt":"2024-02-20T11:47:49","slug":"tra-hoa-tan-meligin-dinh-lang","status":"publish","type":"product","link":"https:\/\/medipharco.vn\/vi\/san-pham\/tra-hoa-tan-meligin-dinh-lang\/","title":{"rendered":"Tr\u00e0 h\u00f2a tan Meligin \u0110inh l\u0103ng"},"content":{"rendered":"","protected":false},"excerpt":{"rendered":"<p><strong>Th\u00e0nh ph\u1ea7n:<\/strong> M\u1ed7i g\u00f3i tr\u00e0 h\u00f2a tan 2g ch\u1ee9a:<br \/>\nCao chi\u1ebft \u0110inh L\u0103ng (Polyscias fruticosa (L.) Harms)(T\u01b0\u01a1ng \u0111\u01b0\u01a1ng v\u1edbi 3g \u0110inh l\u0103ng kh\u00f4)<br \/>\n<strong>C\u00f4ng d\u1ee5ng:<\/strong> \u0110inh l\u0103ng c\u00f3 t\u00e1c d\u1ee5ng r\u1ea5t t\u1ed1t \u0111\u1ebfn s\u1ee9c kh\u1ecfe con ng\u01b0\u1eddi. Sau \u0111\u00e2y l\u00e0 nh\u1eefng c\u00f4ng d\u1ee5ng n\u1ed5i b\u1eadt t\u1eeb \u0110inh l\u0103ng:<br \/>\n&#8211; Thu\u1ed1c b\u1ed5 t\u0103ng l\u1ef1c, ch\u1eefa c\u01a1 th\u1ec3 suy d\u01b0\u1ee3c, g\u1ea7y y\u1ebfu, m\u1ec7t m\u1ecfi, ti\u00eau h\u00f3a k\u00e9m, ph\u1ee5 n\u1eef sau khi sinh \u00edt s\u1eefa.<br \/>\n&#8211; Ch\u1eefa ho, ho ra m\u00e1u, \u0111au t\u1eed cung, ki\u1ebft l\u1ef5.<br \/>\n&#8211; Thu\u1ed1c l\u1ee3i ti\u1ec3u, ch\u1ed1ng \u0111\u1ed9c.<br \/>\n&#8211; Ch\u1eefa c\u1ea3m s\u1ed1t, m\u1ee5n nh\u1ecdt s\u01b0ng t\u1ea5y, s\u01b0ng v\u00fa, d\u1ecb \u1ee9ng m\u1ea9n ng\u1ee9a, v\u1ebft th\u01b0\u01a1ng.<br \/>\n&#8211; Ch\u1eefa th\u1ea5p kh\u1edbp, \u0111au l\u01b0ng<br \/>\n<strong>Quy c\u00e1ch \u0111\u00f3ng g\u00f3i:<\/strong> H\u1ed9p 30 g\u00f3i x 2 g<br \/>\nPhi\u1ebfu c\u00f4ng b\u1ed1:<a href=\"https:\/\/medipharco.vn\/vi\/wp-content\/uploads\/2023\/10\/MELIGIN-DINH-LANG-DON-MAU-NHAN.pdf\">MELIGIN DINH LANG &#8211; DON + MAU NHAN<\/a><\/p>\n<div class=\"button-link\"><a href=\"\" target=\"_blank\" rel=\"noopener noreferrer\">MUA S\u1ea2N PH\u1ea8M<\/div>\n","protected":false},"featured_media":4759,"comment_status":"open","ping_status":"closed","template":"","meta":{"site-sidebar-layout":"default","site-content-layout":"default","ast-site-content-layout":"","site-content-style":"default","site-sidebar-style":"default","ast-global-header-display":"","ast-banner-title-visibility":"","ast-main-header-display":"","ast-hfb-above-header-display":"","ast-hfb-below-header-display":"","ast-hfb-mobile-header-display":"","site-post-title":"","ast-breadcrumbs-content":"","ast-featured-img":"","footer-sml-layout":"","theme-transparent-header-meta":"default","adv-header-id-meta":"","stick-header-meta":"default","header-above-stick-meta":"","header-main-stick-meta":"","header-below-stick-meta":"","astra-migrate-meta-layouts":"default","ast-page-background-enabled":"default","ast-page-background-meta":{"desktop":{"background-color":"","background-image":"","background-repeat":"repeat","background-position":"center center","background-size":"auto","background-attachment":"scroll","background-type":"","background-media":"","overlay-type":"","overlay-color":"","overlay-opacity":"","overlay-gradient":""},"tablet":{"background-color":"","background-image":"","background-repeat":"repeat","background-position":"center center","background-size":"auto","background-attachment":"scroll","background-type":"","background-media":"","overlay-type":"","overlay-color":"","overlay-opacity":"","overlay-gradient":""},"mobile":{"background-color":"","background-image":"","background-repeat":"repeat","background-position":"center center","background-size":"auto","background-attachment":"scroll","background-type":"","background-media":"","overlay-type":"","overlay-color":"","overlay-opacity":"","overlay-gradient":""}},"ast-content-background-meta":{"desktop":{"background-color":"var(--ast-global-color-5)","background-image":"","background-repeat":"repeat","background-position":"center center","background-size":"auto","background-attachment":"scroll","background-type":"","background-media":"","overlay-type":"","overlay-color":"","overlay-opacity":"","overlay-gradient":""},"tablet":{"background-color":"var(--ast-global-color-5)","background-image":"","background-repeat":"repeat","background-position":"center center","background-size":"auto","background-attachment":"scroll","background-type":"","background-media":"","overlay-type":"","overlay-color":"","overlay-opacity":"","overlay-gradient":""},"mobile":{"background-color":"var(--ast-global-color-5)","background-image":"","background-repeat":"repeat","background-position":"center center","background-size":"auto","background-attachment":"scroll","background-type":"","background-media":"","overlay-type":"","overlay-color":"","overlay-opacity":"","overlay-gradient":""}}},"product_brand":[],"product_cat":[58],"product_tag":[],"class_list":{"0":"post-4735","1":"product","2":"type-product","3":"status-publish","4":"has-post-thumbnail","6":"product_cat-my-pham","7":"desktop-align-left","8":"tablet-align-left","9":"mobile-align-left","10":"ast-product-gallery-layout-horizontal","11":"ast-product-gallery-with-no-image","13":"first","14":"instock","15":"featured","16":"shipping-taxable","17":"product-type-simple"},"_links":{"self":[{"href":"https:\/\/medipharco.vn\/vi\/wp-json\/wp\/v2\/product\/4735","targetHints":{"allow":["GET"]}}],"collection":[{"href":"https:\/\/medipharco.vn\/vi\/wp-json\/wp\/v2\/product"}],"about":[{"href":"https:\/\/medipharco.vn\/vi\/wp-json\/wp\/v2\/types\/product"}],"replies":[{"embeddable":true,"href":"https:\/\/medipharco.vn\/vi\/wp-json\/wp\/v2\/comments?post=4735"}],"wp:featuredmedia":[{"embeddable":true,"href":"https:\/\/medipharco.vn\/vi\/wp-json\/wp\/v2\/media\/4759"}],"wp:attachment":[{"href":"https:\/\/medipharco.vn\/vi\/wp-json\/wp\/v2\/media?parent=4735"}],"wp:term":[{"taxonomy":"product_brand","embeddable":true,"href":"https:\/\/medipharco.vn\/vi\/wp-json\/wp\/v2\/product_brand?post=4735"},{"taxonomy":"product_cat","embeddable":true,"href":"https:\/\/medipharco.vn\/vi\/wp-json\/wp\/v2\/product_cat?post=4735"},{"taxonomy":"product_tag","embeddable":true,"href":"https:\/\/medipharco.vn\/vi\/wp-json\/wp\/v2\/product_tag?post=4735"}],"curies":[{"name":"wp","href":"https:\/\/api.w.org\/{rel}","templated":true}]}}