{"id":4719,"date":"2023-10-02T10:26:05","date_gmt":"2023-10-02T03:26:05","guid":{"rendered":"https:\/\/medipharco.vn\/vi\/?post_type=product&#038;p=4719"},"modified":"2024-02-20T18:47:40","modified_gmt":"2024-02-20T11:47:40","slug":"tra-hoa-tan-meligin-xa-den","status":"publish","type":"product","link":"https:\/\/medipharco.vn\/vi\/san-pham\/tra-hoa-tan-meligin-xa-den\/","title":{"rendered":"Tr\u00e0 h\u00f2a tan Meligin X\u1ea1 \u0111en"},"content":{"rendered":"","protected":false},"excerpt":{"rendered":"<p><strong>Th\u00e0nh ph\u1ea7n: <\/strong><br \/>\nM\u1ed7i g\u00f3i tr\u00e0 h\u00f2a tan 2g ch\u1ee9a:Cao chi\u1ebft X\u1ea1 \u0111en (Celastrus hindsii Benth et Hook.)(T\u01b0\u01a1ng \u0111\u01b0\u01a1ng v\u1edbi 3g X\u1ea1 \u0111en kh\u00f4)<br \/>\n<strong>C\u00f4ng d\u1ee5ng:<\/strong> X\u1ea1 \u0110en c\u00f3 t\u00e1c d\u1ee5ng r\u1ea5t t\u1ed1t \u0111\u1ebfn s\u1ee9c kh\u1ecfe con ng\u01b0\u1eddi. Sau \u0111\u00e2y l\u00e0 nh\u1eefng c\u00f4ng d\u1ee5ng n\u1ed5i b\u1eadt t\u1eeb X\u1ea1 \u0110en:<br \/>\n&#8211; T\u00e1c d\u1ee5ng ch\u1ed1ng oxy ho\u00e1 v\u00e0 ph\u00f2ng ch\u1ed1ng ung th\u01b0 hi\u1ec7u qu\u1ea3.<br \/>\n&#8211; T\u00e1c d\u1ee5ng trong \u0111i\u1ec1u tr\u1ecb kinh nguy\u1ec7t kh\u00f4ng \u0111\u1ec1u, b\u1ebf kinh.<br \/>\n&#8211; T\u00e1c d\u1ee5ng trong \u0111i\u1ec1u tr\u1ecb vi\u00eam gan.<br \/>\n&#8211; T\u00e1c d\u1ee5ng trong tr\u1ecb c\u00e1c ch\u1ee9ng b\u1ec7nh vi\u00eam nhi\u1ec7t, m\u1ee5n nh\u1ecdt v\u00e0 m\u1ed9t s\u1ed1 b\u1ec7nh ngo\u00e0i da.<br \/>\n<strong>Quy c\u00e1ch \u0111\u00f3ng g\u00f3i:<\/strong> H\u1ed9p 30 g\u00f3i x 2 g<br \/>\nPhi\u1ebfu c\u00f4ng b\u1ed1:<a href=\"https:\/\/medipharco.vn\/vi\/wp-content\/uploads\/2023\/10\/MELIGIN-XA-DEN-DON-MAU-NHAN.pdf\">MELIGIN XA DEN &#8211; DON + MAU NHAN<\/a><\/p>\n<div class=\"button-link\"><a href=\"\" target=\"_blank\" rel=\"noopener noreferrer\">MUA S\u1ea2N PH\u1ea8M<\/div>\n","protected":false},"featured_media":4758,"comment_status":"open","ping_status":"closed","template":"","meta":{"site-sidebar-layout":"default","site-content-layout":"default","ast-site-content-layout":"","site-content-style":"default","site-sidebar-style":"default","ast-global-header-display":"","ast-banner-title-visibility":"","ast-main-header-display":"","ast-hfb-above-header-display":"","ast-hfb-below-header-display":"","ast-hfb-mobile-header-display":"","site-post-title":"","ast-breadcrumbs-content":"","ast-featured-img":"","footer-sml-layout":"","theme-transparent-header-meta":"default","adv-header-id-meta":"","stick-header-meta":"default","header-above-stick-meta":"","header-main-stick-meta":"","header-below-stick-meta":"","astra-migrate-meta-layouts":"default","ast-page-background-enabled":"default","ast-page-background-meta":{"desktop":{"background-color":"","background-image":"","background-repeat":"repeat","background-position":"center center","background-size":"auto","background-attachment":"scroll","background-type":"","background-media":"","overlay-type":"","overlay-color":"","overlay-opacity":"","overlay-gradient":""},"tablet":{"background-color":"","background-image":"","background-repeat":"repeat","background-position":"center center","background-size":"auto","background-attachment":"scroll","background-type":"","background-media":"","overlay-type":"","overlay-color":"","overlay-opacity":"","overlay-gradient":""},"mobile":{"background-color":"","background-image":"","background-repeat":"repeat","background-position":"center center","background-size":"auto","background-attachment":"scroll","background-type":"","background-media":"","overlay-type":"","overlay-color":"","overlay-opacity":"","overlay-gradient":""}},"ast-content-background-meta":{"desktop":{"background-color":"var(--ast-global-color-5)","background-image":"","background-repeat":"repeat","background-position":"center center","background-size":"auto","background-attachment":"scroll","background-type":"","background-media":"","overlay-type":"","overlay-color":"","overlay-opacity":"","overlay-gradient":""},"tablet":{"background-color":"var(--ast-global-color-5)","background-image":"","background-repeat":"repeat","background-position":"center center","background-size":"auto","background-attachment":"scroll","background-type":"","background-media":"","overlay-type":"","overlay-color":"","overlay-opacity":"","overlay-gradient":""},"mobile":{"background-color":"var(--ast-global-color-5)","background-image":"","background-repeat":"repeat","background-position":"center center","background-size":"auto","background-attachment":"scroll","background-type":"","background-media":"","overlay-type":"","overlay-color":"","overlay-opacity":"","overlay-gradient":""}}},"product_brand":[],"product_cat":[58],"product_tag":[],"class_list":{"0":"post-4719","1":"product","2":"type-product","3":"status-publish","4":"has-post-thumbnail","6":"product_cat-my-pham","7":"desktop-align-left","8":"tablet-align-left","9":"mobile-align-left","10":"ast-product-gallery-layout-horizontal","11":"ast-product-gallery-with-no-image","13":"first","14":"instock","15":"shipping-taxable","16":"product-type-simple"},"_links":{"self":[{"href":"https:\/\/medipharco.vn\/vi\/wp-json\/wp\/v2\/product\/4719","targetHints":{"allow":["GET"]}}],"collection":[{"href":"https:\/\/medipharco.vn\/vi\/wp-json\/wp\/v2\/product"}],"about":[{"href":"https:\/\/medipharco.vn\/vi\/wp-json\/wp\/v2\/types\/product"}],"replies":[{"embeddable":true,"href":"https:\/\/medipharco.vn\/vi\/wp-json\/wp\/v2\/comments?post=4719"}],"wp:featuredmedia":[{"embeddable":true,"href":"https:\/\/medipharco.vn\/vi\/wp-json\/wp\/v2\/media\/4758"}],"wp:attachment":[{"href":"https:\/\/medipharco.vn\/vi\/wp-json\/wp\/v2\/media?parent=4719"}],"wp:term":[{"taxonomy":"product_brand","embeddable":true,"href":"https:\/\/medipharco.vn\/vi\/wp-json\/wp\/v2\/product_brand?post=4719"},{"taxonomy":"product_cat","embeddable":true,"href":"https:\/\/medipharco.vn\/vi\/wp-json\/wp\/v2\/product_cat?post=4719"},{"taxonomy":"product_tag","embeddable":true,"href":"https:\/\/medipharco.vn\/vi\/wp-json\/wp\/v2\/product_tag?post=4719"}],"curies":[{"name":"wp","href":"https:\/\/api.w.org\/{rel}","templated":true}]}}