{"id":4717,"date":"2023-10-02T07:38:57","date_gmt":"2023-10-02T00:38:57","guid":{"rendered":"https:\/\/medipharco.vn\/vi\/?post_type=product&#038;p=4717"},"modified":"2024-02-20T18:47:21","modified_gmt":"2024-02-20T11:47:21","slug":"tra-hoa-tan-meligin-ca-gai-leo","status":"publish","type":"product","link":"https:\/\/medipharco.vn\/vi\/san-pham\/tra-hoa-tan-meligin-ca-gai-leo\/","title":{"rendered":"Tr\u00e0 h\u00f2a tan Meligin C\u00e0 gai leo"},"content":{"rendered":"","protected":false},"excerpt":{"rendered":"<p><strong>Th\u00e0nh ph\u1ea7n:<\/strong> M\u1ed7i g\u00f3i tr\u00e0 h\u00f2a tan 2g ch\u1ee9a:Cao chi\u1ebft C\u00e0 gai leo (Solanum procumbens Lour.)(T\u01b0\u01a1ng \u0111\u01b0\u01a1ng v\u1edbi 3g C\u00e0 gai leo kh\u00f4)<br \/>\n<strong>C\u00f4ng d\u1ee5ng:<\/strong> C\u00e0 gai leo c\u00f3 t\u00e1c d\u1ee5ng r\u1ea5t t\u1ed1t \u0111\u1ebfn s\u1ee9c kh\u1ecfe con ng\u01b0\u1eddi. Sau \u0111\u00e2y l\u00e0 nh\u1eefng c\u00f4ng d\u1ee5ng n\u1ed5i b\u1eadt t\u1eeb C\u00e0 gai leo:<br \/>\n-T\u00e1c d\u1ee5ng h\u1ea1n ch\u1ebf s\u1ef1 ph\u00e1t tri\u1ec3n x\u01a1 gan, ch\u1ed1ng vi\u00eam, ch\u1ed1ng oxy h\u00f3a.<br \/>\n&#8211; Gi\u00fap ch\u1eefa phong th\u1ea5p, \u0111au nh\u1ee9c x\u01b0\u01a1ng kh\u1edbp trong c\u00e1c ph\u01b0\u01a1ng thu\u1ed1c k\u1ebft h\u1ee3p.<br \/>\n&#8211; T\u00e1c d\u1ee5ng trong ch\u1eefa c\u00e1c \u0111\u1ee3t c\u1ea5p t\u00ednh c\u1ee7a ch\u1ee9ng vi\u00eam quanh r\u0103ng, vi\u00eam l\u1ee3i m\u0169 ch\u00e2n r\u0103ng.<br \/>\n&#8211; Ch\u1eefa d\u1ecb \u1ee9ng, ho, ho g\u00e0.<br \/>\n<strong>Quy c\u00e1ch \u0111\u00f3ng g\u00f3i:<\/strong> H\u1ed9p 30 g\u00f3i x 2 g<\/p>\n<p>Phi\u1ebfu c\u00f4ng b\u1ed1: <strong><a href=\"https:\/\/medipharco.vn\/vi\/wp-content\/uploads\/2023\/10\/MELIGIN-CA-GAI-LEO_DON-MAU-NHAN.pdf\">MELIGIN CA GAI LEO_DON + MAU NHAN<\/a><\/strong><\/p>\n<div class=\"button-link\"><a href=\"\" target=\"_blank\" rel=\"noopener noreferrer\">MUA S\u1ea2N PH\u1ea8M<\/div>\n","protected":false},"featured_media":4757,"comment_status":"open","ping_status":"closed","template":"","meta":{"site-sidebar-layout":"default","site-content-layout":"default","ast-site-content-layout":"","site-content-style":"default","site-sidebar-style":"default","ast-global-header-display":"","ast-banner-title-visibility":"","ast-main-header-display":"","ast-hfb-above-header-display":"","ast-hfb-below-header-display":"","ast-hfb-mobile-header-display":"","site-post-title":"","ast-breadcrumbs-content":"","ast-featured-img":"","footer-sml-layout":"","theme-transparent-header-meta":"default","adv-header-id-meta":"","stick-header-meta":"default","header-above-stick-meta":"","header-main-stick-meta":"","header-below-stick-meta":"","astra-migrate-meta-layouts":"default","ast-page-background-enabled":"default","ast-page-background-meta":{"desktop":{"background-color":"","background-image":"","background-repeat":"repeat","background-position":"center center","background-size":"auto","background-attachment":"scroll","background-type":"","background-media":"","overlay-type":"","overlay-color":"","overlay-opacity":"","overlay-gradient":""},"tablet":{"background-color":"","background-image":"","background-repeat":"repeat","background-position":"center center","background-size":"auto","background-attachment":"scroll","background-type":"","background-media":"","overlay-type":"","overlay-color":"","overlay-opacity":"","overlay-gradient":""},"mobile":{"background-color":"","background-image":"","background-repeat":"repeat","background-position":"center center","background-size":"auto","background-attachment":"scroll","background-type":"","background-media":"","overlay-type":"","overlay-color":"","overlay-opacity":"","overlay-gradient":""}},"ast-content-background-meta":{"desktop":{"background-color":"var(--ast-global-color-5)","background-image":"","background-repeat":"repeat","background-position":"center center","background-size":"auto","background-attachment":"scroll","background-type":"","background-media":"","overlay-type":"","overlay-color":"","overlay-opacity":"","overlay-gradient":""},"tablet":{"background-color":"var(--ast-global-color-5)","background-image":"","background-repeat":"repeat","background-position":"center center","background-size":"auto","background-attachment":"scroll","background-type":"","background-media":"","overlay-type":"","overlay-color":"","overlay-opacity":"","overlay-gradient":""},"mobile":{"background-color":"var(--ast-global-color-5)","background-image":"","background-repeat":"repeat","background-position":"center center","background-size":"auto","background-attachment":"scroll","background-type":"","background-media":"","overlay-type":"","overlay-color":"","overlay-opacity":"","overlay-gradient":""}}},"product_brand":[],"product_cat":[58],"product_tag":[],"class_list":{"0":"post-4717","1":"product","2":"type-product","3":"status-publish","4":"has-post-thumbnail","6":"product_cat-my-pham","7":"desktop-align-left","8":"tablet-align-left","9":"mobile-align-left","10":"ast-product-gallery-layout-horizontal","11":"ast-product-gallery-with-no-image","13":"first","14":"instock","15":"shipping-taxable","16":"product-type-simple"},"_links":{"self":[{"href":"https:\/\/medipharco.vn\/vi\/wp-json\/wp\/v2\/product\/4717","targetHints":{"allow":["GET"]}}],"collection":[{"href":"https:\/\/medipharco.vn\/vi\/wp-json\/wp\/v2\/product"}],"about":[{"href":"https:\/\/medipharco.vn\/vi\/wp-json\/wp\/v2\/types\/product"}],"replies":[{"embeddable":true,"href":"https:\/\/medipharco.vn\/vi\/wp-json\/wp\/v2\/comments?post=4717"}],"wp:featuredmedia":[{"embeddable":true,"href":"https:\/\/medipharco.vn\/vi\/wp-json\/wp\/v2\/media\/4757"}],"wp:attachment":[{"href":"https:\/\/medipharco.vn\/vi\/wp-json\/wp\/v2\/media?parent=4717"}],"wp:term":[{"taxonomy":"product_brand","embeddable":true,"href":"https:\/\/medipharco.vn\/vi\/wp-json\/wp\/v2\/product_brand?post=4717"},{"taxonomy":"product_cat","embeddable":true,"href":"https:\/\/medipharco.vn\/vi\/wp-json\/wp\/v2\/product_cat?post=4717"},{"taxonomy":"product_tag","embeddable":true,"href":"https:\/\/medipharco.vn\/vi\/wp-json\/wp\/v2\/product_tag?post=4717"}],"curies":[{"name":"wp","href":"https:\/\/api.w.org\/{rel}","templated":true}]}}