{"id":2346,"date":"2020-10-18T13:57:15","date_gmt":"2020-10-18T13:57:15","guid":{"rendered":"https:\/\/demo.mirai-2viv.vn\/medi-vi\/?post_type=product&#038;p=2346"},"modified":"2024-03-11T10:06:07","modified_gmt":"2024-03-11T03:06:07","slug":"ruou-hoang-de-minh-mang","status":"publish","type":"product","link":"https:\/\/medipharco.vn\/vi\/san-pham\/ruou-hoang-de-minh-mang\/","title":{"rendered":"R\u01b0\u1ee3u Ho\u00e0ng \u0110\u1ebf Minh M\u1ea1ng"},"content":{"rendered":"","protected":false},"excerpt":{"rendered":"<p><strong>Ho\u1ea1t ch\u1ea5t \u2013 <\/strong><strong>H\u00e0m l\u01b0\u1ee3ng<\/strong><\/p>\n<p>C\u00f4ng th\u1ee9c th\u00e0nh ph\u1ea7n k\u1ebf th\u1eeba b\u00e0i thu\u1ed1c MINH M\u1ea0NG thang c\u1ee7a Th\u00e1i Y Vi\u1ec7n Tri\u1ec1u Nguy\u1ec5n t\u1eeb n\u0103m 1820 d\u00f9ng cho Ho\u00e0ng \u0111\u1ebf MINH M\u1ea0NG<\/p>\n<p><strong>Ch\u1ec9 \u0111\u1ecbnh<\/strong><\/p>\n<p>Gi\u00fap b\u1ed5 th\u1eadn tr\u00e1ng d\u01b0\u01a1ng, t\u0103ng c\u01b0\u1eddng sinh l\u1ef1c, t\u0103ng c\u01b0\u1eddng s\u1ee9c kh\u1ecfe c\u1ea3i thi\u1ec7n sinh l\u00fd nam<\/p>\n<p><strong>Quy c\u00e1ch<\/strong><\/p>\n<p>H\u1ed9p 1 chai g\u1ed1m 250ml, 500ml r\u01b0\u1ee3u<br \/>\nH\u1ed9p 1 chai th\u1ee7y tinh 625ml r\u01b0\u1ee3u<\/p>\n<div class=\"button-link\"><a href=\"https:\/\/duochue.com.vn\/product\/minh-mang-duoc-tuu-250ml\" target=\"_blank\" rel=\"noopener noreferrer\">MUA S\u1ea2N PH\u1ea8M<\/a><\/div>\n","protected":false},"featured_media":5013,"comment_status":"open","ping_status":"closed","template":"","meta":{"site-sidebar-layout":"default","site-content-layout":"default","ast-site-content-layout":"default","site-content-style":"default","site-sidebar-style":"default","ast-global-header-display":"","ast-banner-title-visibility":"","ast-main-header-display":"","ast-hfb-above-header-display":"","ast-hfb-below-header-display":"","ast-hfb-mobile-header-display":"","site-post-title":"","ast-breadcrumbs-content":"","ast-featured-img":"","footer-sml-layout":"","theme-transparent-header-meta":"default","adv-header-id-meta":"","stick-header-meta":"default","header-above-stick-meta":"","header-main-stick-meta":"","header-below-stick-meta":"","astra-migrate-meta-layouts":"set","ast-page-background-enabled":"default","ast-page-background-meta":{"desktop":{"background-color":"","background-image":"","background-repeat":"repeat","background-position":"center center","background-size":"auto","background-attachment":"scroll","background-type":"","background-media":"","overlay-type":"","overlay-color":"","overlay-opacity":"","overlay-gradient":""},"tablet":{"background-color":"","background-image":"","background-repeat":"repeat","background-position":"center center","background-size":"auto","background-attachment":"scroll","background-type":"","background-media":"","overlay-type":"","overlay-color":"","overlay-opacity":"","overlay-gradient":""},"mobile":{"background-color":"","background-image":"","background-repeat":"repeat","background-position":"center center","background-size":"auto","background-attachment":"scroll","background-type":"","background-media":"","overlay-type":"","overlay-color":"","overlay-opacity":"","overlay-gradient":""}},"ast-content-background-meta":{"desktop":{"background-color":"var(--ast-global-color-5)","background-image":"","background-repeat":"repeat","background-position":"center center","background-size":"auto","background-attachment":"scroll","background-type":"","background-media":"","overlay-type":"","overlay-color":"","overlay-opacity":"","overlay-gradient":""},"tablet":{"background-color":"var(--ast-global-color-5)","background-image":"","background-repeat":"repeat","background-position":"center center","background-size":"auto","background-attachment":"scroll","background-type":"","background-media":"","overlay-type":"","overlay-color":"","overlay-opacity":"","overlay-gradient":""},"mobile":{"background-color":"var(--ast-global-color-5)","background-image":"","background-repeat":"repeat","background-position":"center center","background-size":"auto","background-attachment":"scroll","background-type":"","background-media":"","overlay-type":"","overlay-color":"","overlay-opacity":"","overlay-gradient":""}}},"product_brand":[],"product_cat":[58],"product_tag":[],"class_list":{"0":"post-2346","1":"product","2":"type-product","3":"status-publish","4":"has-post-thumbnail","6":"product_cat-my-pham","7":"desktop-align-left","8":"tablet-align-left","9":"mobile-align-left","10":"ast-product-gallery-layout-horizontal","12":"first","13":"instock","14":"shipping-taxable","15":"product-type-simple"},"_links":{"self":[{"href":"https:\/\/medipharco.vn\/vi\/wp-json\/wp\/v2\/product\/2346","targetHints":{"allow":["GET"]}}],"collection":[{"href":"https:\/\/medipharco.vn\/vi\/wp-json\/wp\/v2\/product"}],"about":[{"href":"https:\/\/medipharco.vn\/vi\/wp-json\/wp\/v2\/types\/product"}],"replies":[{"embeddable":true,"href":"https:\/\/medipharco.vn\/vi\/wp-json\/wp\/v2\/comments?post=2346"}],"wp:featuredmedia":[{"embeddable":true,"href":"https:\/\/medipharco.vn\/vi\/wp-json\/wp\/v2\/media\/5013"}],"wp:attachment":[{"href":"https:\/\/medipharco.vn\/vi\/wp-json\/wp\/v2\/media?parent=2346"}],"wp:term":[{"taxonomy":"product_brand","embeddable":true,"href":"https:\/\/medipharco.vn\/vi\/wp-json\/wp\/v2\/product_brand?post=2346"},{"taxonomy":"product_cat","embeddable":true,"href":"https:\/\/medipharco.vn\/vi\/wp-json\/wp\/v2\/product_cat?post=2346"},{"taxonomy":"product_tag","embeddable":true,"href":"https:\/\/medipharco.vn\/vi\/wp-json\/wp\/v2\/product_tag?post=2346"}],"curies":[{"name":"wp","href":"https:\/\/api.w.org\/{rel}","templated":true}]}}