{"id":2338,"date":"2020-10-16T07:41:25","date_gmt":"2020-10-16T07:41:25","guid":{"rendered":"https:\/\/demo.mirai-2viv.vn\/medi-vi\/?post_type=product&#038;p=2338"},"modified":"2024-02-23T16:47:10","modified_gmt":"2024-02-23T09:47:10","slug":"sinoblex","status":"publish","type":"product","link":"https:\/\/medipharco.vn\/vi\/san-pham\/sinoblex\/","title":{"rendered":"Sinoblex"},"content":{"rendered":"","protected":false},"excerpt":{"rendered":"<p><strong>Ho\u1ea1t ch\u1ea5t \u2013 <\/strong><strong>H\u00e0m l\u01b0\u1ee3ng<\/strong><\/p>\n<p>Vitamin A : 500 UI<br \/>\nVitamin B1 :1,5 mg<br \/>\nVitamin B2 :1,4 mg<br \/>\nVitamin PP : 18,0 mg<br \/>\nVitamin C :75,0 mg<br \/>\nVitamin D :400 UI<\/p>\n<p><strong>Ch\u1ec9 \u0111\u1ecbnh<\/strong><\/p>\n<p>Ng\u01b0\u1eddi b\u1ecb suy nh\u01b0\u1ee3c c\u01a1 th\u1ec3, ng\u01b0\u1eddi m\u1edbi \u1ed1m d\u1eady, ch\u00e1n \u0103n, \u0103n kh\u00f4ng ngon mi\u1ec7ng, s\u1ee9c kh\u1ecfe k\u00e9m, s\u1ee9c \u0111\u1ec1 kh\u00e1ng k\u00e9m c\u1ea7n b\u1ed3i b\u1ed5 s\u1ee9c kh\u1ecfe, ng\u01b0\u1eddi c\u1ea7n b\u1ed5 sung vitamin do ch\u1ebf \u0111\u1ed9 \u0103n thi\u1ebfu h\u1ee5t<\/p>\n<p><strong>Quy c\u00e1ch<\/strong><\/p>\n<p>H\u1ed9p 30, 50, 60, 100 vi\u00ean nang m\u1ec1m<br \/>\nL\u1ecd 30, 50, 60, 100 vi\u00ean nang m\u1ec1m<\/p>\n<div class=\"button-link\"><a href=\"https:\/\/duochue.com.vn\/product\/sinoblex\" target=\"_blank\" rel=\"noopener noreferrer\">MUA S\u1ea2N PH\u1ea8M<\/a><\/div>\n","protected":false},"featured_media":2880,"comment_status":"open","ping_status":"closed","template":"","meta":{"site-sidebar-layout":"default","site-content-layout":"default","ast-site-content-layout":"default","site-content-style":"default","site-sidebar-style":"default","ast-global-header-display":"","ast-banner-title-visibility":"","ast-main-header-display":"","ast-hfb-above-header-display":"","ast-hfb-below-header-display":"","ast-hfb-mobile-header-display":"","site-post-title":"","ast-breadcrumbs-content":"","ast-featured-img":"","footer-sml-layout":"","theme-transparent-header-meta":"default","adv-header-id-meta":"","stick-header-meta":"default","header-above-stick-meta":"","header-main-stick-meta":"","header-below-stick-meta":"","astra-migrate-meta-layouts":"set","ast-page-background-enabled":"default","ast-page-background-meta":{"desktop":{"background-color":"","background-image":"","background-repeat":"repeat","background-position":"center center","background-size":"auto","background-attachment":"scroll","background-type":"","background-media":"","overlay-type":"","overlay-color":"","overlay-opacity":"","overlay-gradient":""},"tablet":{"background-color":"","background-image":"","background-repeat":"repeat","background-position":"center center","background-size":"auto","background-attachment":"scroll","background-type":"","background-media":"","overlay-type":"","overlay-color":"","overlay-opacity":"","overlay-gradient":""},"mobile":{"background-color":"","background-image":"","background-repeat":"repeat","background-position":"center center","background-size":"auto","background-attachment":"scroll","background-type":"","background-media":"","overlay-type":"","overlay-color":"","overlay-opacity":"","overlay-gradient":""}},"ast-content-background-meta":{"desktop":{"background-color":"var(--ast-global-color-5)","background-image":"","background-repeat":"repeat","background-position":"center center","background-size":"auto","background-attachment":"scroll","background-type":"","background-media":"","overlay-type":"","overlay-color":"","overlay-opacity":"","overlay-gradient":""},"tablet":{"background-color":"var(--ast-global-color-5)","background-image":"","background-repeat":"repeat","background-position":"center center","background-size":"auto","background-attachment":"scroll","background-type":"","background-media":"","overlay-type":"","overlay-color":"","overlay-opacity":"","overlay-gradient":""},"mobile":{"background-color":"var(--ast-global-color-5)","background-image":"","background-repeat":"repeat","background-position":"center center","background-size":"auto","background-attachment":"scroll","background-type":"","background-media":"","overlay-type":"","overlay-color":"","overlay-opacity":"","overlay-gradient":""}}},"product_brand":[],"product_cat":[59],"product_tag":[],"class_list":{"0":"post-2338","1":"product","2":"type-product","3":"status-publish","4":"has-post-thumbnail","6":"product_cat-thuc-pham-chuc-nang","7":"desktop-align-left","8":"tablet-align-left","9":"mobile-align-left","10":"ast-product-gallery-layout-horizontal","11":"ast-product-gallery-with-no-image","13":"first","14":"instock","15":"shipping-taxable","16":"product-type-simple"},"_links":{"self":[{"href":"https:\/\/medipharco.vn\/vi\/wp-json\/wp\/v2\/product\/2338","targetHints":{"allow":["GET"]}}],"collection":[{"href":"https:\/\/medipharco.vn\/vi\/wp-json\/wp\/v2\/product"}],"about":[{"href":"https:\/\/medipharco.vn\/vi\/wp-json\/wp\/v2\/types\/product"}],"replies":[{"embeddable":true,"href":"https:\/\/medipharco.vn\/vi\/wp-json\/wp\/v2\/comments?post=2338"}],"wp:featuredmedia":[{"embeddable":true,"href":"https:\/\/medipharco.vn\/vi\/wp-json\/wp\/v2\/media\/2880"}],"wp:attachment":[{"href":"https:\/\/medipharco.vn\/vi\/wp-json\/wp\/v2\/media?parent=2338"}],"wp:term":[{"taxonomy":"product_brand","embeddable":true,"href":"https:\/\/medipharco.vn\/vi\/wp-json\/wp\/v2\/product_brand?post=2338"},{"taxonomy":"product_cat","embeddable":true,"href":"https:\/\/medipharco.vn\/vi\/wp-json\/wp\/v2\/product_cat?post=2338"},{"taxonomy":"product_tag","embeddable":true,"href":"https:\/\/medipharco.vn\/vi\/wp-json\/wp\/v2\/product_tag?post=2338"}],"curies":[{"name":"wp","href":"https:\/\/api.w.org\/{rel}","templated":true}]}}