{"id":2286,"date":"2020-10-16T07:20:44","date_gmt":"2020-10-16T07:20:44","guid":{"rendered":"https:\/\/demo.mirai-2viv.vn\/medi-vi\/?post_type=product&#038;p=2286"},"modified":"2024-02-20T17:05:09","modified_gmt":"2024-02-20T10:05:09","slug":"acbeauty-skin","status":"publish","type":"product","link":"https:\/\/medipharco.vn\/vi\/san-pham\/acbeauty-skin\/","title":{"rendered":"Acbeauty skin"},"content":{"rendered":"","protected":false},"excerpt":{"rendered":"<p><strong>Ho\u1ea1t ch\u1ea5t \u2013 <\/strong><strong>H\u00e0m l\u01b0\u1ee3ng<\/strong><\/p>\n<p>Nano Bright: 5%;<\/p>\n<p>Nano Collagen : 5%<\/p>\n<p><strong>Ch\u1ec9 \u0111\u1ecbnh<\/strong><\/p>\n<p>H\u1ed7 tr\u1ee3 trong c\u00e1c tr\u01b0\u1eddng h\u1ee3p: Gi\u1ea3m s\u1eafc t\u1ed1 g\u00e2y n\u00e1m da, s\u1ea1m da, t\u00e0n nhang, v\u1ebft th\u00e2m \u0111\u1ed3i m\u1ed3i<\/p>\n<p>H\u1ed7 tr\u1ee3 l\u00e0m ch\u1eadm qu\u00e1 tr\u00ecnh l\u00e3o h\u00f3a da, gi\u1ea3m da kh\u00f4, gi\u1ea3m n\u1ebfp nh\u0103n tr\u00ean da gi\u00fap da \u0111\u1eb9p, m\u1ecbn m\u00e0ng v\u00e0 tr\u1eafng h\u1ed3ng t\u1ef1 nhi\u00ean<\/p>\n<p><strong>Quy c\u00e1ch<\/strong><\/p>\n<p>H\u1ed9p 1 l\u1ecd th\u1ee7y tinh 30g kem b\u00f4i da<\/p>\n<div class=\"button-link\"><a href=\"\" target=\"_blank\" rel=\"noopener noreferrer\">MUA S\u1ea2N PH\u1ea8M<\/div>\n","protected":false},"featured_media":2875,"comment_status":"open","ping_status":"closed","template":"","meta":{"site-sidebar-layout":"default","site-content-layout":"default","ast-site-content-layout":"","site-content-style":"default","site-sidebar-style":"default","ast-global-header-display":"","ast-banner-title-visibility":"","ast-main-header-display":"","ast-hfb-above-header-display":"","ast-hfb-below-header-display":"","ast-hfb-mobile-header-display":"","site-post-title":"","ast-breadcrumbs-content":"","ast-featured-img":"","footer-sml-layout":"","theme-transparent-header-meta":"default","adv-header-id-meta":"","stick-header-meta":"default","header-above-stick-meta":"","header-main-stick-meta":"","header-below-stick-meta":"","astra-migrate-meta-layouts":"default","ast-page-background-enabled":"default","ast-page-background-meta":{"desktop":{"background-color":"","background-image":"","background-repeat":"repeat","background-position":"center center","background-size":"auto","background-attachment":"scroll","background-type":"","background-media":"","overlay-type":"","overlay-color":"","overlay-opacity":"","overlay-gradient":""},"tablet":{"background-color":"","background-image":"","background-repeat":"repeat","background-position":"center center","background-size":"auto","background-attachment":"scroll","background-type":"","background-media":"","overlay-type":"","overlay-color":"","overlay-opacity":"","overlay-gradient":""},"mobile":{"background-color":"","background-image":"","background-repeat":"repeat","background-position":"center center","background-size":"auto","background-attachment":"scroll","background-type":"","background-media":"","overlay-type":"","overlay-color":"","overlay-opacity":"","overlay-gradient":""}},"ast-content-background-meta":{"desktop":{"background-color":"var(--ast-global-color-5)","background-image":"","background-repeat":"repeat","background-position":"center center","background-size":"auto","background-attachment":"scroll","background-type":"","background-media":"","overlay-type":"","overlay-color":"","overlay-opacity":"","overlay-gradient":""},"tablet":{"background-color":"var(--ast-global-color-5)","background-image":"","background-repeat":"repeat","background-position":"center center","background-size":"auto","background-attachment":"scroll","background-type":"","background-media":"","overlay-type":"","overlay-color":"","overlay-opacity":"","overlay-gradient":""},"mobile":{"background-color":"var(--ast-global-color-5)","background-image":"","background-repeat":"repeat","background-position":"center center","background-size":"auto","background-attachment":"scroll","background-type":"","background-media":"","overlay-type":"","overlay-color":"","overlay-opacity":"","overlay-gradient":""}}},"product_brand":[],"product_cat":[58],"product_tag":[],"class_list":{"0":"post-2286","1":"product","2":"type-product","3":"status-publish","4":"has-post-thumbnail","6":"product_cat-my-pham","7":"desktop-align-left","8":"tablet-align-left","9":"mobile-align-left","10":"ast-product-gallery-layout-horizontal","11":"ast-product-gallery-with-no-image","13":"first","14":"instock","15":"shipping-taxable","16":"product-type-simple"},"_links":{"self":[{"href":"https:\/\/medipharco.vn\/vi\/wp-json\/wp\/v2\/product\/2286","targetHints":{"allow":["GET"]}}],"collection":[{"href":"https:\/\/medipharco.vn\/vi\/wp-json\/wp\/v2\/product"}],"about":[{"href":"https:\/\/medipharco.vn\/vi\/wp-json\/wp\/v2\/types\/product"}],"replies":[{"embeddable":true,"href":"https:\/\/medipharco.vn\/vi\/wp-json\/wp\/v2\/comments?post=2286"}],"wp:featuredmedia":[{"embeddable":true,"href":"https:\/\/medipharco.vn\/vi\/wp-json\/wp\/v2\/media\/2875"}],"wp:attachment":[{"href":"https:\/\/medipharco.vn\/vi\/wp-json\/wp\/v2\/media?parent=2286"}],"wp:term":[{"taxonomy":"product_brand","embeddable":true,"href":"https:\/\/medipharco.vn\/vi\/wp-json\/wp\/v2\/product_brand?post=2286"},{"taxonomy":"product_cat","embeddable":true,"href":"https:\/\/medipharco.vn\/vi\/wp-json\/wp\/v2\/product_cat?post=2286"},{"taxonomy":"product_tag","embeddable":true,"href":"https:\/\/medipharco.vn\/vi\/wp-json\/wp\/v2\/product_tag?post=2286"}],"curies":[{"name":"wp","href":"https:\/\/api.w.org\/{rel}","templated":true}]}}