{"id":1650,"date":"2020-10-15T09:56:45","date_gmt":"2020-10-15T09:56:45","guid":{"rendered":"https:\/\/demo.mirai-2viv.vn\/medi-vi\/?post_type=product&#038;p=1650"},"modified":"2024-02-23T16:37:07","modified_gmt":"2024-02-23T09:37:07","slug":"panthenol","status":"publish","type":"product","link":"https:\/\/medipharco.vn\/vi\/san-pham\/panthenol\/","title":{"rendered":"Panthenol"},"content":{"rendered":"","protected":false},"excerpt":{"rendered":"<p><strong>Ho\u1ea1t ch\u1ea5t \u2013 <\/strong><strong>H\u00e0m l\u01b0\u1ee3ng<\/strong><\/p>\n<p>D \u2013 panthenol 5%<\/p>\n<p><strong>Ch\u1ec9 \u0111\u1ecbnh<\/strong><\/p>\n<p>Ng\u0103n ng\u1eeba h\u0103m do t\u00e3 l\u00f3t \u1edf tr\u1ebb em. Ng\u0103n ng\u1eeba r\u1ea1n da b\u1ee5ng do mang thai. Ph\u00f2ng ng\u1eeba v\u00e0 \u0111i\u1ec1u tr\u1ecb tr\u1ea7y x\u01b0\u1edbc, da kh\u00f4, n\u1ee9t n\u1ebb, k\u00edch \u1ee9ng da, th\u00fac \u0111\u1ea9y ch\u1eefa l\u00e0nh v\u1ebft th\u01b0\u01a1ng, v\u1ebft b\u1ecfng l\u00e2u l\u00ean da non.<\/p>\n<p><strong>Quy c\u00e1ch<\/strong><\/p>\n<p>H\u1ed9p 1 tu\u00fdp 20g kem b\u00f4i da<\/p>\n<div class=\"button-link\"><a href=\"https:\/\/duochue.com.vn\/product\/panthenol\" target=\"_blank\" rel=\"noopener noreferrer\">MUA S\u1ea2N PH\u1ea8M<\/a><\/div>\n","protected":false},"featured_media":2783,"comment_status":"open","ping_status":"closed","template":"","meta":{"site-sidebar-layout":"default","site-content-layout":"default","ast-site-content-layout":"default","site-content-style":"default","site-sidebar-style":"default","ast-global-header-display":"","ast-banner-title-visibility":"","ast-main-header-display":"","ast-hfb-above-header-display":"","ast-hfb-below-header-display":"","ast-hfb-mobile-header-display":"","site-post-title":"","ast-breadcrumbs-content":"","ast-featured-img":"","footer-sml-layout":"","theme-transparent-header-meta":"default","adv-header-id-meta":"","stick-header-meta":"default","header-above-stick-meta":"","header-main-stick-meta":"","header-below-stick-meta":"","astra-migrate-meta-layouts":"set","ast-page-background-enabled":"default","ast-page-background-meta":{"desktop":{"background-color":"","background-image":"","background-repeat":"repeat","background-position":"center center","background-size":"auto","background-attachment":"scroll","background-type":"","background-media":"","overlay-type":"","overlay-color":"","overlay-opacity":"","overlay-gradient":""},"tablet":{"background-color":"","background-image":"","background-repeat":"repeat","background-position":"center center","background-size":"auto","background-attachment":"scroll","background-type":"","background-media":"","overlay-type":"","overlay-color":"","overlay-opacity":"","overlay-gradient":""},"mobile":{"background-color":"","background-image":"","background-repeat":"repeat","background-position":"center center","background-size":"auto","background-attachment":"scroll","background-type":"","background-media":"","overlay-type":"","overlay-color":"","overlay-opacity":"","overlay-gradient":""}},"ast-content-background-meta":{"desktop":{"background-color":"var(--ast-global-color-5)","background-image":"","background-repeat":"repeat","background-position":"center center","background-size":"auto","background-attachment":"scroll","background-type":"","background-media":"","overlay-type":"","overlay-color":"","overlay-opacity":"","overlay-gradient":""},"tablet":{"background-color":"var(--ast-global-color-5)","background-image":"","background-repeat":"repeat","background-position":"center center","background-size":"auto","background-attachment":"scroll","background-type":"","background-media":"","overlay-type":"","overlay-color":"","overlay-opacity":"","overlay-gradient":""},"mobile":{"background-color":"var(--ast-global-color-5)","background-image":"","background-repeat":"repeat","background-position":"center center","background-size":"auto","background-attachment":"scroll","background-type":"","background-media":"","overlay-type":"","overlay-color":"","overlay-opacity":"","overlay-gradient":""}}},"product_brand":[],"product_cat":[55],"product_tag":[],"class_list":{"0":"post-1650","1":"product","2":"type-product","3":"status-publish","4":"has-post-thumbnail","6":"product_cat-thuoc-ngoai-da","7":"desktop-align-left","8":"tablet-align-left","9":"mobile-align-left","10":"ast-product-gallery-layout-horizontal","11":"ast-product-gallery-with-no-image","13":"first","14":"instock","15":"shipping-taxable","16":"product-type-simple"},"_links":{"self":[{"href":"https:\/\/medipharco.vn\/vi\/wp-json\/wp\/v2\/product\/1650","targetHints":{"allow":["GET"]}}],"collection":[{"href":"https:\/\/medipharco.vn\/vi\/wp-json\/wp\/v2\/product"}],"about":[{"href":"https:\/\/medipharco.vn\/vi\/wp-json\/wp\/v2\/types\/product"}],"replies":[{"embeddable":true,"href":"https:\/\/medipharco.vn\/vi\/wp-json\/wp\/v2\/comments?post=1650"}],"wp:featuredmedia":[{"embeddable":true,"href":"https:\/\/medipharco.vn\/vi\/wp-json\/wp\/v2\/media\/2783"}],"wp:attachment":[{"href":"https:\/\/medipharco.vn\/vi\/wp-json\/wp\/v2\/media?parent=1650"}],"wp:term":[{"taxonomy":"product_brand","embeddable":true,"href":"https:\/\/medipharco.vn\/vi\/wp-json\/wp\/v2\/product_brand?post=1650"},{"taxonomy":"product_cat","embeddable":true,"href":"https:\/\/medipharco.vn\/vi\/wp-json\/wp\/v2\/product_cat?post=1650"},{"taxonomy":"product_tag","embeddable":true,"href":"https:\/\/medipharco.vn\/vi\/wp-json\/wp\/v2\/product_tag?post=1650"}],"curies":[{"name":"wp","href":"https:\/\/api.w.org\/{rel}","templated":true}]}}