{"id":143,"date":"2020-09-03T02:47:08","date_gmt":"2020-09-03T02:47:08","guid":{"rendered":"https:\/\/demo.mirai-2viv.vn\/medi\/?page_id=143"},"modified":"2025-07-21T08:02:46","modified_gmt":"2025-07-21T01:02:46","slug":"gioi-thieu","status":"publish","type":"page","link":"https:\/\/medipharco.vn\/vi\/gioi-thieu\/","title":{"rendered":"GI\u1edaI THI\u1ec6U"},"content":{"rendered":"<ul>\n<li><b>T\u00ean C\u00f4ng ty:<\/b>\u00a0C\u00d4NG TY C\u1ed4 PH\u1ea6N D\u01af\u1ee2C MEDIPHARCO<\/li>\n<li><b>T\u00ean giao d\u1ecbch:<\/b>\u00a0MEDIPHARCO<\/li>\n<li><b>M\u00e3 s\u1ed1 doanh nghi\u1ec7p:<\/b>\u00a03300101406 (\u0111\u0103ng k\u00fd l\u1ea7n \u0111\u1ea7u ng\u00e0y 18 th\u00e1ng 01 n\u0103m 2006, thay \u0111\u1ed5i l\u1ea7n th\u1ee9 13 ng\u00e0y 07 th\u00e1ng 01 n\u0103m 2025)<\/li>\n<li><b>M\u00e3 ch\u1ee9ng kho\u00e1n:<\/b>\u00a0MTP_ S\u00e0n giao d\u1ecbch UpCOM \u2013 S\u1edf giao d\u1ecbch ch\u1ee9ng kho\u00e1n H\u00e0 N\u1ed9i<\/li>\n<li><b>V\u1ed1n \u0111i\u1ec1u l\u1ec7:<\/b>\u00a074.554.060.000 VN\u0110<\/li>\n<li><b>L\u0129nh v\u1ef1c s\u1ea3n xu\u1ea5t kinh doanh:<\/b>\u00a0\u00ad<\/li>\n<li>\u00adS\u1ea3n xu\u1ea5t, kinh doanh v\u00e0 xu\u1ea5t nh\u1eadp kh\u1ea9u tr\u1ef1c ti\u1ebfp c\u00e1c lo\u1ea1i thu\u1ed1c ch\u1eefa b\u1ec7nh, d\u1ee5ng c\u1ee5 v\u1eadt t\u01b0 trang thi\u1ebft b\u1ecb y t\u1ebf, s\u1ea3n ph\u1ea9m m\u1ef9 ph\u1ea9m, s\u1ea3n ph\u1ea9m v\u1ec7 sinh, s\u1ea3n ph\u1ea9m sinh h\u1ecdc, tinh d\u1ea7u, h\u01b0\u01a1ng li\u1ec7u.<\/li>\n<li>\u00ad D\u1ecbch v\u1ee5 b\u1ea3o qu\u1ea3n Thu\u1ed1c ch\u1eefa b\u1ec7nh<\/li>\n<li>\u00ad \u0110\u1ea7u t\u01b0 T\u00e0i ch\u00ednh; D\u1ecbch v\u1ee5 nghi\u00ean c\u1ee9u th\u1ecb tr\u01b0\u1eddng v\u00e0 th\u0103m d\u00f2 d\u01b0 lu\u1eadn ; Kinh doanh b\u1ea5t \u0111\u1ed9ng s\u1ea3n , quy\u1ec1n s\u1eed d\u1ee5ng \u0111\u1ea5t thu\u1ed9c ch\u1ee7 s\u1edf h\u1eefu, ch\u1ee7 s\u1eed d\u1ee5ng ho\u1eb7c \u0111i thu\u00ea; S\u1ea3n xu\u1ea5t kinh doanh r\u01b0\u1ee3u<\/li>\n<li><b>\u0110\u1ecba ch\u1ec9:<\/b><\/li>\n<li>08 Nguy\u1ec5n Tr\u01b0\u1eddng T\u1ed9, Ph\u01b0\u1eddng Thu\u1eadn H\u00f3a, Th\u00e0nh ph\u1ed1 Hu\u1ebf, Vi\u1ec7t Nam<\/li>\n<li>(+84) (234) 3823099 \u2013 3837731 \u2013 3822701<\/li>\n<li>it@medipharco.vn<\/li>\n<li>medipharco.vn \/ medipharco.com.vn \/ medipharco.com<\/li>\n<\/ul>\n<p><img fetchpriority=\"high\" decoding=\"async\" src=\"https:\/\/medipharco.vn\/vi\/wp-content\/uploads\/2020\/11\/cty-1.jpg\" sizes=\"(max-width: 600px) 100vw, 600px\" srcset=\"https:\/\/medipharco.vn\/vi\/wp-content\/uploads\/2020\/11\/cty-1.jpg 600w, https:\/\/medipharco.vn\/vi\/wp-content\/uploads\/2020\/11\/cty-1-300x199.jpg 300w\" alt=\"\" width=\"600\" height=\"398\" \/><\/p>\n<style id=\"sp_tab_dynamic_style5508\">#sp-tabpro-wrapper_5508.sp-tab__lay-default .sp-tab__tab-content {width: 100%;}#sp-tabpro-wrapper_5508 .animated {-webkit-animation-duration: 500ms;animation-duration: 500ms;}#sp-wp-tabs-wrapper_5508 .sp-tab__nav {justify-content: start;}#sp-wp-tabs-wrapper_5508.sp-tab__lay-default.sp-tab__horizontal-bottom {display: flex;flex-direction: column-reverse;}#sp-wp-tabs-wrapper_5508.sp-tab__lay-default.sp-tab__horizontal-bottom > ul {border-top: 1px solid #cccccc;border-bottom: 0;margin-top: 0;}#sp-wp-tabs-wrapper_5508.sp-tab__lay-default.sp-tab__horizontal-bottom > ul > li .sp-tab__nav-link.sp-tab__active {border-color: transparent #cccccc#cccccc;margin-top: -1px;}#sp-wp-tabs-wrapper_5508.sp-tab__lay-default.sp-tab__horizontal-bottom > ul > li .sp-tab__nav-link,#sp-wp-tabs-wrapper_5508.sp-tab__lay-default.sp-tab__horizontal-bottom > ul > li a,#sp-wp-tabs-wrapper_5508.sp-tab__lay-default.sp-tab__horizontal-bottom > ul > .sp-tab__nav-item {border-top: 0;border-top-left-radius: 0;border-top-right-radius: 0;border-bottom-left-radius: 2px;border-bottom-right-radius: 2px;}#sp-wp-tabs-wrapper_5508.sp-tab__lay-default.sp-tab__horizontal-bottom > ul {border-bottom: none;}#sp-wp-tabs-wrapper_5508.sp-tab__lay-default.sp-tab__horizontal-bottom .sp-tab__tab-content .sp-tab__tab-pane {border-top: 1px solid #cccccc;border-bottom: 0;}#sp-wp-tabs-wrapper_5508.sp-tab__lay-default .sp-tab__tab-content .sp-tab-content > ul,#sp-wp-tabs-wrapper_5508.sp-tab__lay-default .sp-tab__tab-content .sp-tab-content > ol {border-bottom: none;}#sp-wp-tabs-wrapper_5508 > .sp-tab__nav-tabs .sp-tab__nav-link.sp-tab__active .sp-tab__tab_title,#sp-wp-tabs-wrapper_5508.sp-tab__lay-default .sp-tab__nav-link > .sp-tab__card-header {color: #444;}#sp-wp-tabs-wrapper_5508 > .sp-tab__nav-tabs > .sp-tab__nav-item.show .sp-tab__nav-link,#sp-wp-tabs-wrapper_5508 > .sp-tab__nav-tabs > .sp-tab__nav-item .sp-tab__nav-link.sp-tab__active,#sp-wp-tabs-wrapper_5508.sp-tab__lay-default .sp-tab__nav-link > .sp-tab__card-header {background-color: #fff;}#sp-wp-tabs-wrapper_5508 .sp-tab__nav-tabs .sp-tab__nav-item.show .sp-tab__nav-link,#sp-wp-tabs-wrapper_5508.sp-tab__lay-default ul li .sp-tab__nav-link.sp-tab__active {border-color: #cccccc#cccccc transparent;}#sp-wp-tabs-wrapper_5508.sp-tab__lay-default > ul > li > .sp-tab__nav-link,#sp-wp-tabs-wrapper_5508.sp-tab__lay-default > ul > li > a {cursor: pointer;border-color: #cccccc;padding-top: 15px;padding-right: 15px;padding-bottom: 15px;padding-left: 15px;}#sp-wp-tabs-wrapper_5508 > .sp-tab__nav-tabs .sp-tab__nav-link {border: 1px solid #cccccc;height: 100%;}#sp-wp-tabs-wrapper_5508.sp-tab__lay-default > ul > li .sp-tab__nav-link,#sp-wp-tabs-wrapper_5508.sp-tab__lay-default > ul > li a,#sp-wp-tabs-wrapper_5508.sp-tab__lay-default > ul > .sp-tab__nav-item {border-top-left-radius: 2px;border-top-right-radius: 2px;}#sp-wp-tabs-wrapper_5508 .sp-tab__nav-tabs .sp-tab__nav-item {margin-bottom: -1px; }#sp-wp-tabs-wrapper_5508.sp-tab__lay-default > ul .sp-tab__nav-item,#sp-wp-tabs-wrapper_5508.sp-tab__lay-default .sp-tab__nav-link.collapsed > .sp-tab__card-header {background-color: #eee;}#sp-wp-tabs-wrapper_5508.sp-tab__lay-default > ul .sp-tab__nav-item {margin-right: 10px;margin-top: 5px;}#sp-wp-tabs-wrapper_5508.sp-tab__lay-default > ul .sp-tab__nav-item .sp-tab__nav-link:hover .sp-tab__tab_title,#sp-wp-tabs-wrapper_5508.sp-tab__lay-default > ul .sp-tab__nav-item a:hover .sp-tab__tab_title,#sp-wp-tabs-wrapper_5508.sp-tab__lay-default .sp-tab__nav-link.collapsed .sp-tab__card-header:hover {color: #444;transition: .3s;}#sp-wp-tabs-wrapper_5508.sp-tab__lay-default > ul .sp-tab__nav-item:hover,#sp-wp-tabs-wrapper_5508.sp-tab__lay-default .sp-tab__nav-link.collapsed > .sp-tab__card-header:hover {background-color: #fff;}#sp-wp-tabs-wrapper_5508.sp-tab__lay-default > ul .sp-tab__nav-item:last-child {margin-right: 0;}#sp-wp-tabs-wrapper_5508.sp-tab__lay-default > .sp-tab__tab-content .sp-tab__tab-pane {border: 1px solid #cccccc;padding-top: 20px;padding-right: 20px;padding-bottom: 20px;padding-left: 20px;border-top: 0px;background-color: #ffffff;}#sp-wp-tabs-wrapper_5508.sp-tab__lay-default > ul {border-bottom: 1px solid #cccccc;}@media(max-width:480px) {#sp-wp-tabs-wrapper_5508.sp-tab__lay-default > ul li.sp-tab__nav-item {width: 100%;margin-right: 0px;}#sp-wp-tabs-wrapper_5508.sp-tab__lay-default > ul li.sp-tab__nav-item:last-child {margin-bottom: -1px;}}#poststuff h2.sp-tab__section_title_5508, h2.sp-tab__section_title_5508 ,.editor-styles-wrapper .wp-block h2.sp-tab__section_title_5508{margin-bottom: 30px !important;font-weight: 600;font-style: normal;font-size: 28px;line-height: 28px;letter-spacing: 0px;padding: 0;color: #444444;}#sp-wp-tabs-wrapper_5508.sp-tab__lay-default > ul .sp-tab__nav-item .sp-tab__tab_title,#sp-wp-tabs-wrapper_5508.sp-tab__lay-default span > .sp-tab__card-header {font-weight: 600;font-style: normal;font-size: 16px;line-height: 22px;letter-spacing: 0px;color: #444;margin: 0px;}#sp-wp-tabs-wrapper_5508.sp-tab__lay-default > .sp-tab__tab-content .sp-tab__tab-pane {font-weight: 400;font-style: normal;font-size: 16px;line-height: 24px;letter-spacing: 0px;color: #444;}#sp-wp-tabs-wrapper_5508.sp-tab__lay-default > .sp-tab__tab-content .sp-tab__tab-pane ul li a, #sp-wp-tabs-wrapper_5508.sp-tab__lay-default .sp-tab__tab-content .sp-tab__tab-pane ol li a {color: #444;}<\/style>\t<h2 class=\"sp-tab__section_title_5508\"> <\/h2>\n\t\t\t<div id=\"sp-wp-tabs-wrapper_5508\" class=\"sp-tab__lay-default\" data-preloader=\"1\" data-activemode=\"tabs-activator-event-click\">\n\t\t\t<div class=\"sp-tab__preloader\">\n\t\t<div class=\"sp-tab__spinner\">\n\t\t\t<div class=\"rect1\"><\/div>\n\t\t\t<div class=\"rect2\"><\/div>\n\t\t\t<div class=\"rect3\"><\/div>\n\t\t\t<div class=\"rect4\"><\/div>\n\t\t\t<div class=\"rect5\"><\/div>\n\t\t<\/div>\n\t<\/div>\n\t<ul class=\"sp-tab__nav sp-tab__nav-tabs\" id=\"sp-tab__ul\" role=\"tablist\">\n\t\t\t\t<li class=\"sp-tab__nav-item\" role=\"tab\">\n\t\t\t\t<span class=\"sp-tab__nav-link sp-tab__active\" data-sptoggle=\"tab\" for=\"#tab-55081\" role=\"tab\" aria-controls=tab-55081 aria-selected=true tabindex=0>\n\t\t\t\t\t<span class=\"tab_title_area\"><H4 class=\"sp-tab__tab_title\">B\u1ed8 M\u00c1Y T\u1ed4 CH\u1ee8C <\/H4><\/span>\n\t\t<\/span>\n\t\t\t<\/li>\n\t\t\t\t\t\t<li class=\"sp-tab__nav-item\" role=\"tab\">\n\t\t\t\t<span class=\"sp-tab__nav-link\" data-sptoggle=\"tab\" for=\"#tab-55082\" role=\"tab\" aria-controls=tab-55082 aria-selected=true tabindex=0>\n\t\t\t\t\t<span class=\"tab_title_area\"><H4 class=\"sp-tab__tab_title\">L\u1ecaCH S\u1eec H\u00ccNH TH\u00c0NH <\/H4><\/span>\n\t\t<\/span>\n\t\t\t<\/li>\n\t\t\t\t\t\t<li class=\"sp-tab__nav-item\" role=\"tab\">\n\t\t\t\t<span class=\"sp-tab__nav-link\" data-sptoggle=\"tab\" for=\"#tab-55083\" role=\"tab\" aria-controls=tab-55083 aria-selected=true tabindex=0>\n\t\t\t\t\t<span class=\"tab_title_area\"><H4 class=\"sp-tab__tab_title\">QU\u00c1 TR\u00ccNH PH\u00c1T TRI\u1ec2N <\/H4><\/span>\n\t\t<\/span>\n\t\t\t<\/li>\n\t\t\t\t\t\t<li class=\"sp-tab__nav-item\" role=\"tab\">\n\t\t\t\t<span class=\"sp-tab__nav-link\" data-sptoggle=\"tab\" for=\"#tab-55084\" role=\"tab\" aria-controls=tab-55084 aria-selected=true tabindex=0>\n\t\t\t\t\t<span class=\"tab_title_area\"><H4 class=\"sp-tab__tab_title\">GI\u1ea2I TH\u01af\u1edeNG CAO QU\u00dd <\/H4><\/span>\n\t\t<\/span>\n\t\t\t<\/li>\n\t\t\t<\/ul>\n<div class=\"sp-tab__tab-content\">\n\t\t\t\t<div id=\"tab-55081\" class=\"sp-tab__tab-pane sp-tab__show sp-tab__active\" role=\"tabpanel\">\n\t\t\t\t\t<div class=\"sp-tab-content animated fadeIn\"><p><img decoding=\"async\" class=\"aligncenter wp-image-2648 size-full\" src=\"https:\/\/medipharco.vn\/vi\/wp-content\/uploads\/2020\/10\/SO-DO-1.jpg\" alt=\"\" width=\"1200\" height=\"367\" srcset=\"https:\/\/medipharco.vn\/vi\/wp-content\/uploads\/2020\/10\/SO-DO-1.jpg 1200w, https:\/\/medipharco.vn\/vi\/wp-content\/uploads\/2020\/10\/SO-DO-1-600x184.jpg 600w, https:\/\/medipharco.vn\/vi\/wp-content\/uploads\/2020\/10\/SO-DO-1-300x92.jpg 300w, https:\/\/medipharco.vn\/vi\/wp-content\/uploads\/2020\/10\/SO-DO-1-1024x313.jpg 1024w, https:\/\/medipharco.vn\/vi\/wp-content\/uploads\/2020\/10\/SO-DO-1-768x235.jpg 768w\" sizes=\"(max-width: 1200px) 100vw, 1200px\" \/><\/p>\n<\/div>\n\t\t\t\t<\/div>\n\t\t\t\t\t\t\t\t<div id=\"tab-55082\" class=\"sp-tab__tab-pane \" role=\"tabpanel\">\n\t\t\t\t\t<div class=\"sp-tab-content animated fadeIn\"><p><img decoding=\"async\" class=\"aligncenter wp-image-2647 size-full\" src=\"https:\/\/medipharco.vn\/vi\/wp-content\/uploads\/2020\/10\/SO-DO-2.jpg\" alt=\"\" width=\"1200\" height=\"800\" srcset=\"https:\/\/medipharco.vn\/vi\/wp-content\/uploads\/2020\/10\/SO-DO-2.jpg 1200w, https:\/\/medipharco.vn\/vi\/wp-content\/uploads\/2020\/10\/SO-DO-2-600x400.jpg 600w, https:\/\/medipharco.vn\/vi\/wp-content\/uploads\/2020\/10\/SO-DO-2-300x200.jpg 300w, https:\/\/medipharco.vn\/vi\/wp-content\/uploads\/2020\/10\/SO-DO-2-1024x683.jpg 1024w, https:\/\/medipharco.vn\/vi\/wp-content\/uploads\/2020\/10\/SO-DO-2-768x512.jpg 768w\" sizes=\"(max-width: 1200px) 100vw, 1200px\" \/><\/p>\n<\/div>\n\t\t\t\t<\/div>\n\t\t\t\t\t\t\t\t<div id=\"tab-55083\" class=\"sp-tab__tab-pane \" role=\"tabpanel\">\n\t\t\t\t\t<div class=\"sp-tab-content animated fadeIn\"><ul>\n<li>C\u00f4ng ty D\u01b0\u1ee3c Medipharco nguy\u00ean l\u00e0 C\u00f4ng ty D\u01b0\u1ee3c ph\u1ea9m t\u1ec9nh Th\u1eeba Thi\u00ean Hu\u1ebf \u0111\u01b0\u1ee3c th\u00e0nh l\u1eadp Ng\u00e0y 08 th\u00e1ng 4 n\u0103m 1976 sau ng\u00e0y Mi\u1ec1n Nam ho\u00e0n to\u00e0n gi\u1ea3i ph\u00f3ng th\u1ed1ng nh\u1ea5t \u0111\u1ea5t n\u01b0\u1edbc, \u0111\u00e3 tr\u1ea3i qua nhi\u1ec1u th\u1eddi k\u1ef3 v\u1edbi c\u00e1c t\u00ean g\u1ecdi kh\u00e1c nhau: C\u00f4ng ty d\u01b0\u1ee3c ph\u1ea9m Th\u1eeba Thi\u00ean Hu\u1ebf, X\u00ed nghi\u1ec7p Li\u00ean hi\u1ec7p D\u01b0\u1ee3c B\u00ecnh \u2013 Tr\u1ecb \u2013 Thi\u00ean, X\u00ed nghi\u1ec7p LH D\u01b0\u1ee3c Th\u1eeba Thi\u00ean Hu\u1ebf, C\u00f4ng ty D\u01b0\u1ee3c ph\u1ea9m Th\u1eeba Thi\u00ean Hu\u1ebf.<\/li>\n<li>N\u0103m 1999 \u0111\u01b0\u1ee3c B\u1ed9 Y T\u1ebf ra quy\u1ebft \u0111\u1ecbnh s\u1ed1 340\/1999\/Q\u0110-BYT ng\u00e0y 02\/09\/1999 ti\u1ebfp nh\u1eadn C\u00f4ng ty D\u01b0\u1ee3c Ph\u1ea9m Th\u1eeba Thi\u00ean Hu\u1ebf v\u00e0o l\u00e0m \u0111\u01a1n v\u1ecb th\u00e0nh vi\u00ean c\u1ee7a T\u1ed5ng C\u00f4ng ty D\u01b0\u1ee3c Vi\u1ec7t Nam thu\u1ed9c B\u1ed9 Y T\u1ebf v\u00e0 \u0111\u1ed5i t\u00ean th\u00e0nh C\u00f4ng ty D\u01b0\u1ee3c TW Hu\u1ebf , t\u00ean giao d\u1ecbch l\u00e0 MEDIPHARCO.<\/li>\n<li>C\u00f4ng ty D\u01b0\u1ee3c TW Hu\u1ebf ti\u1ebfn h\u00e0nh c\u1ed5 ph\u1ea7n h\u00f3a doanh nghi\u1ec7p theo Quy\u1ebft \u0111\u1ecbnh s\u1ed1 4751\/Q\u0110-BYT ng\u00e0y 09\/12\/2005 c\u1ee7a B\u1ed9 Y t\u1ebf \u0111\u1ed5i t\u00ean g\u1ecdi th\u00e0nh C\u00f4ng ty c\u1ed5 ph\u1ea7n D\u01b0\u1ee3c TW Medipharco<\/li>\n<li>\u0110\u01b0\u1ee3c ch\u1ea5p thu\u1eadn c\u1ee7a \u1ee6y ban Ch\u1ee9ng kho\u00e1n Nh\u00e0 n\u01b0\u1edbc (theo Quy\u1ebft \u0111\u1ecbnh 175\/UBCK-GCN ng\u00e0y 20\/09\/2007) v\u1ec1 vi\u1ec7c ph\u00e1t h\u00e0nh t\u0103ng v\u1ed1n \u0111i\u1ec1u l\u1ec7, ng\u00e0y 07\/11\/2007 S\u1edf K\u1ebf ho\u1ea1ch v\u00e0 \u0110\u1ea7u t\u01b0 t\u1ec9nh Th\u1eeba Thi\u00ean Hu\u1ebf \u0111\u00e3 c\u1ea5p gi\u1ea5y \u0111\u0103ng k\u00ed kinh doanh s\u1ed1 3300101406 \u0111\u1ed5i t\u00ean th\u00e0nh C\u00f4ng ty C\u1ed5 ph\u1ea7n D\u01b0\u1ee3c Trung \u01b0\u01a1ng Medipharco -Tenamyd<\/li>\n<li>Ni\u00eam y\u1ebft: tr\u00ean sa\u0300n UPCOM \u2013 S\u01a1\u0309 giao di\u0323ch ch\u01b0\u0301ng khoa\u0301n Ha\u0300 n\u00f4\u0323i \u2013 Ma\u0303 giao di\u0323ch MTP<\/li>\n<li>Ng\u00e0y 12\/7\/2011, Ch\u1ee7 t\u1ecbch UBND t\u1ec9nh Th\u1eeba Thi\u00ean Hu\u1ebf ra Quy\u1ebft \u0111\u1ecbnh c\u1ea5p Gi\u1ea5y ch\u1ee9ng nh\u1eadn \u0111\u1ea7u t\u01b0 s\u1ed1 311032000039 cho D\u1ef1 \u00e1n \u0111\u1ea7u t\u01b0 l\u1eadp c\u00f4ng ty c\u1ed5 ph\u1ea7n Li\u00ean doanh D\u01b0\u1ee3c ph\u1ea9m Medipharco Tenamyd BR s.r.l t\u1ea1i t\u1ec9nh Th\u1eeba Thi\u00ean Hu\u1ebf gi\u1eefa C\u00f4ng ty c\u1ed5 ph\u1ea7n D\u01b0\u1ee3c TW Medipharco-Tenamyd &amp; C\u00f4ng ty c\u1ed5 ph\u1ea7n D\u01b0\u1ee3c M\u1ef9 ph\u1ea9m Tenamyd t\u1ea1i t\u1ec9nh Th\u1eeba Thi\u00ean Hu\u1ebf v\u00e0 C\u00f4ng ty TNHH BRUSCHETTINI \u2013 S.R.L \/ ITALIA.C\u00f4ng ty c\u1ed5 ph\u1ea7n D\u01b0\u1ee3c TW Medipharco-Tenamyd l\u00e0 C\u00f4ng ty M\u1eb9 c\u1ee7a Li\u00ean doanh theo quy \u0111\u1ecbnh c\u1ee7a Lu\u1eadt Doanh nghi\u1ec7p<\/li>\n<li>N\u0103m 2017, thay \u0111\u1ed5i T\u00ean g\u1ecdi c\u1ee7a Doanh nghi\u1ec7p th\u00e0nh C\u00f4ng ty c\u1ed5 ph\u1ea7n d\u01b0\u1ee3c Medipharco<\/li>\n<li>T\u1eeb ng\u00e0y 1\/1\/2019, \u0110\u1ea1i h\u1ed9i \u0111\u1ed3ng c\u1ed5 \u0111\u00f4ng CTCP d\u01b0\u1ee3c Medipharco v\u00e0 Li\u00ean doanh th\u1ef1c hi\u1ec7n vi\u1ec7c s\u00e1p nh\u1eadp CTCP Li\u00ean doanh d\u01b0\u1ee3c ph\u1ea9m Medipharco- Tenamyd BR s.r.l v\u00e0o CTCP d\u01b0\u1ee3c Medipharco; \u0110\u01b0\u1ee3c S\u1edf K\u1ebf ho\u1ea1ch \u0111\u1ea7u t\u01b0 t\u1ec9nh Th\u1eeba Thi\u00ean Hu\u1ebf c\u1ea5p Gi\u1ea5y ch\u1ee9ng nh\u1eadn \u0111\u0103ng k\u00fd doanh nghi\u1ec7p s\u1ed1: 3300101406 \u2013 \u0111\u0103ng k\u00ed thay \u0111\u1ed5i l\u1ea7n th\u1ee9 10 do S\u1edf KH&amp;\u0110T Th\u1eeba Thi\u00ean Hu\u1ebf c\u1ea5p ng\u00e0y 03\/01\/2019 sau khi s\u00e1p nh\u1eadp<\/li>\n<\/ul>\n<\/div>\n\t\t\t\t<\/div>\n\t\t\t\t\t\t\t\t<div id=\"tab-55084\" class=\"sp-tab__tab-pane \" role=\"tabpanel\">\n\t\t\t\t\t<div class=\"sp-tab-content animated fadeIn\"><ul>\n<li>N\u0103m 2003 : B\u1ed9 Y t\u1ebf ch\u1ee9ng nh\u1eadn \u0111\u1ea1t ti\u00eau chu\u1ea9n GMP- ASEAN d\u00e2y chuy\u1ec1n s\u1ea3n xu\u1ea5t Kem- M\u1ee1- N\u01b0\u1edbc<\/li>\n<li>N\u0103m 2005: B\u1ed9 y t\u1ebf Nigeria ( NAFDAC) c\u1ea5p gi\u1ea5y ch\u1ee9ng nh\u1eadn GMP cho d\u00e2y chuy\u1ec1n s\u1ea3n xu\u1ea5t thu\u1ed1c Kem M\u1ee1 ngo\u00e0i da<\/li>\n<li>N\u0103m 2006 : B\u1ed9 Y t\u1ebf ch\u1ee9ng nh\u1eadn \u0111\u1ea1t ti\u00eau chu\u1ea9n GMP- WHO, GLP, GSP cho d\u00e2y chuy\u1ec1n s\u1ea3n xu\u1ea5t:\n<ul>\n<li>Thu\u1ed1c Kem m\u1ee1 n\u01b0\u1edbc( M\u1eaft v\u00e0 ngo\u00e0i da)\u00a0 Non Betalactam.<\/li>\n<li>Thu\u1ed1c Vi\u00ean , C\u1ed1m, B\u1ed9t , H\u1ed7n d\u1ecbch u\u1ed1ng Non Betalactam<\/li>\n<li>Thu\u1ed1c Vi\u00ean , C\u1ed1m, B\u1ed9t Cephalosporin<\/li>\n<\/ul>\n<\/li>\n<li>N\u0103m 2006 : \u0110\u1ea1t ti\u00eau chu\u1ea9n ISO 9001:2000.<\/li>\n<li>T\u1eeb n\u0103m 2006 \u0111\u1ebfn hi\u1ec7n t\u1ea1i:\n<ul>\n<li>Ti\u1ebfp t\u1ee5c \u0111\u01b0\u1ee3c B\u1ed9 Y t\u1ebf ch\u1ee9ng nh\u1eadn \u0111\u1ea1t ti\u00eau chu\u1ea9n GMP-WHO, GLP, GSP.<\/li>\n<li>\u0110\u01b0\u1ee3c S\u1edf y t\u1ebf Th\u1eeba Thi\u00ean Hu\u1ebf c\u1ea5p gi\u1ea5y ch\u1ee9ng nh\u1eadn \u0111\u1ea1t ti\u00eau chu\u1ea9n \u201cTh\u1ef1c h\u00e0nh t\u1ed1t ph\u00e2n ph\u1ed1i thu\u1ed1c\u201d GDP, GPP cho h\u1ec7 th\u1ed1ng kinh doanh t\u1ea1i TT Hu\u1ebf<\/li>\n<li>\u0110\u01b0\u1ee3c S\u1edf Y T\u1ebf Th\u00e0nh ph\u1ed1 H\u00e0 N\u1ed9i v\u00e0 H\u1ed3 Ch\u00ed Minh c\u1ea5p gi\u1ea5y ch\u1ee9ng nh\u1eadn \u0111\u1ea1t ti\u00eau chu\u1ea9n \u201cTh\u1ef1c h\u00e0nh t\u1ed1t ph\u00e2n ph\u1ed1i thu\u1ed1c\u201d GDP cho Chi nh\u00e1nh c\u1ee7a c\u00f4ng ty<\/li>\n<\/ul>\n<\/li>\n<li>N\u0103m 2010: B\u1ed9 y t\u1ebf C\u1ed9ng h\u00f2a Cu Ba c\u1ea5p gi\u1ea5y ch\u1ee9ng nh\u1eadn GMP cho s\u1ea3n ph\u1ea9m ch\u1eefa B\u1ecfng Hebermin<\/li>\n<li>N\u0103m 2020:\n<ul>\n<li>S\u1edf C\u00f4ng nghi\u1ec7p t\u1ec9nh Th\u1eeba Thi\u00ean Hu\u1ebf c\u1ea5p gi\u1ea5y ch\u1ee9ng nh\u1eadn An to\u00e0n Th\u1ef1c ph\u1ea9m cho D\u00e2y chuy\u1ec1n s\u1ea3n xu\u1ea5t R\u01b0\u1ee3u nh\u00e0 m\u00e1y s\u1ed1 1- Khu C\u00f4ng nghi\u1ec7p Ph\u00fa B\u00e0i<\/li>\n<li>S\u1edf y t\u1ebf Th\u1eeba Thi\u00ean Hu\u1ebf c\u1ea5p gi\u1ea5y ch\u1ee9ng nh\u1eadn \u0111\u1ee7 \u0111i\u1ec1u ki\u1ec7n s\u1ea3n xu\u1ea5t M\u1ef9 ph\u1ea9m cho nh\u00e0 m\u00e1y s\u1ed1 1- Khu C\u00f4ng nghi\u1ec7p Ph\u00fa b\u00e0i<\/li>\n<li>Nh\u00f3m s\u1ea3n ph\u1ea9m gel r\u1eeda tay \u0111\u0103ng k\u00ed t\u1ea1i FDA_ M\u1ef9 v\u00e0 \u0111\u01b0\u1ee3c c\u1ea5p gi\u1ea5y ch\u1ee9ng nh\u1eadn ISO 9001-2015<\/li>\n<\/ul>\n<\/li>\n<\/ul>\n<ul>\n<li>N\u0103m 2006 : Hu\u00e2n Ch\u01b0\u01a1ng lao \u0111\u1ed9ng h\u1ea1ng Nh\u00ec<\/li>\n<li>N\u0103m 2011:\u00a0 Hu\u00e2n Ch\u01b0\u01a1ng lao \u0111\u1ed9ng h\u1ea1ng Nh\u1ea5t<\/li>\n<li>N\u0103m 2009: B\u1ed9 Y T\u1ebf t\u1eb7ng c\u1edd Thi \u0111ua<\/li>\n<li>N\u0103m 2016: T\u1ec9nh Th\u1eeba Thi\u00ean Hu\u1ebf t\u1eb7ng c\u1edd Thi \u0111ua<\/li>\n<li>N\u0103m 2016: C\u00f4ng \u0111o\u00e0n Y t\u1ebf Vi\u1ec7t Nam t\u1eb7ng c\u1edd Thi \u0111ua<\/li>\n<li>N\u0103m 2018 : C\u00f4ng \u0111o\u00e0n Y t\u1ebf Vi\u1ec7t Nam t\u1eb7ng c\u1edd Thi \u0111ua cho \u0110\u01a1n v\u1ecb \u0111\u1ea1t th\u00e0nh t\u00edch xu\u1ea5t s\u1eafc to\u00e0n di\u1ec7n n\u0103m 2018<\/li>\n<\/ul>\n<\/div>\n\t\t\t\t<\/div>\n\t\t\t\t<\/div>\n\t\t<\/div>\n\t\t\n","protected":false},"excerpt":{"rendered":"<p>T\u00ean C\u00f4ng ty:\u00a0C\u00d4NG TY C\u1ed4 PH\u1ea6N D\u01af\u1ee2C MEDIPHARCO T\u00ean giao [&hellip;]<\/p>\n","protected":false},"author":1,"featured_media":0,"parent":0,"menu_order":0,"comment_status":"closed","ping_status":"closed","template":"","meta":{"site-sidebar-layout":"no-sidebar","site-content-layout":"plain-container","ast-site-content-layout":"normal-width-container","site-content-style":"unboxed","site-sidebar-style":"unboxed","ast-global-header-display":"","ast-banner-title-visibility":"","ast-main-header-display":"","ast-hfb-above-header-display":"","ast-hfb-below-header-display":"","ast-hfb-mobile-header-display":"","site-post-title":"disabled","ast-breadcrumbs-content":"","ast-featured-img":"disabled","footer-sml-layout":"","theme-transparent-header-meta":"default","adv-header-id-meta":"","stick-header-meta":"default","header-above-stick-meta":"","header-main-stick-meta":"on","header-below-stick-meta":"","astra-migrate-meta-layouts":"set","ast-page-background-enabled":"default","ast-page-background-meta":{"desktop":{"background-color":"","background-image":"","background-repeat":"repeat","background-position":"center center","background-size":"auto","background-attachment":"scroll","background-type":"","background-media":"","overlay-type":"","overlay-color":"","overlay-opacity":"","overlay-gradient":""},"tablet":{"background-color":"","background-image":"","background-repeat":"repeat","background-position":"center center","background-size":"auto","background-attachment":"scroll","background-type":"","background-media":"","overlay-type":"","overlay-color":"","overlay-opacity":"","overlay-gradient":""},"mobile":{"background-color":"","background-image":"","background-repeat":"repeat","background-position":"center center","background-size":"auto","background-attachment":"scroll","background-type":"","background-media":"","overlay-type":"","overlay-color":"","overlay-opacity":"","overlay-gradient":""}},"ast-content-background-meta":{"desktop":{"background-color":"var(--ast-global-color-5)","background-image":"","background-repeat":"repeat","background-position":"center center","background-size":"auto","background-attachment":"scroll","background-type":"","background-media":"","overlay-type":"","overlay-color":"","overlay-opacity":"","overlay-gradient":""},"tablet":{"background-color":"var(--ast-global-color-5)","background-image":"","background-repeat":"repeat","background-position":"center center","background-size":"auto","background-attachment":"scroll","background-type":"","background-media":"","overlay-type":"","overlay-color":"","overlay-opacity":"","overlay-gradient":""},"mobile":{"background-color":"var(--ast-global-color-5)","background-image":"","background-repeat":"repeat","background-position":"center center","background-size":"auto","background-attachment":"scroll","background-type":"","background-media":"","overlay-type":"","overlay-color":"","overlay-opacity":"","overlay-gradient":""}},"footnotes":""},"class_list":["post-143","page","type-page","status-publish","hentry"],"_links":{"self":[{"href":"https:\/\/medipharco.vn\/vi\/wp-json\/wp\/v2\/pages\/143","targetHints":{"allow":["GET"]}}],"collection":[{"href":"https:\/\/medipharco.vn\/vi\/wp-json\/wp\/v2\/pages"}],"about":[{"href":"https:\/\/medipharco.vn\/vi\/wp-json\/wp\/v2\/types\/page"}],"author":[{"embeddable":true,"href":"https:\/\/medipharco.vn\/vi\/wp-json\/wp\/v2\/users\/1"}],"replies":[{"embeddable":true,"href":"https:\/\/medipharco.vn\/vi\/wp-json\/wp\/v2\/comments?post=143"}],"version-history":[{"count":56,"href":"https:\/\/medipharco.vn\/vi\/wp-json\/wp\/v2\/pages\/143\/revisions"}],"predecessor-version":[{"id":5672,"href":"https:\/\/medipharco.vn\/vi\/wp-json\/wp\/v2\/pages\/143\/revisions\/5672"}],"wp:attachment":[{"href":"https:\/\/medipharco.vn\/vi\/wp-json\/wp\/v2\/media?parent=143"}],"curies":[{"name":"wp","href":"https:\/\/api.w.org\/{rel}","templated":true}]}}